{"id":2147,"date":"2024-05-07T18:18:50","date_gmt":"2024-05-07T16:18:50","guid":{"rendered":"https:\/\/lkw-schmid.de\/?page_id=2147"},"modified":"2025-06-16T18:55:30","modified_gmt":"2025-06-16T16:55:30","slug":"firmenspezifisches-training","status":"publish","type":"page","link":"https:\/\/lkw-schmid.de\/home\/firmenspezifisches-training\/","title":{"rendered":"Firmenspezifisches Training"},"content":{"rendered":"\t\t<div data-elementor-type=\"wp-page\" data-elementor-id=\"2147\" class=\"elementor elementor-2147\">\n\t\t\t\t<div class=\"elementor-element elementor-element-b2acbc2 e-flex e-con-boxed e-con e-parent\" data-id=\"b2acbc2\" data-element_type=\"container\" data-e-type=\"container\" data-settings=\"{&quot;background_background&quot;:&quot;classic&quot;}\">\n\t\t\t\t\t<div class=\"e-con-inner\">\n\t\t<div class=\"elementor-element elementor-element-be5d1a4 e-con-full e-flex e-con e-child\" data-id=\"be5d1a4\" data-element_type=\"container\" data-e-type=\"container\">\n\t\t\t\t<div class=\"elementor-element elementor-element-f0cc8fd elementor-widget__width-initial elementor-widget elementor-widget-heading\" data-id=\"f0cc8fd\" data-element_type=\"widget\" data-e-type=\"widget\" data-settings=\"{&quot;dotlife_ext_link_sidemenu&quot;:&quot;false&quot;,&quot;dotlife_ext_link_fullmenu&quot;:&quot;false&quot;,&quot;dotlife_ext_link_closed_fullmenu&quot;:&quot;false&quot;,&quot;dotlife_ext_is_scrollme&quot;:&quot;false&quot;,&quot;dotlife_ext_is_smoove&quot;:&quot;false&quot;,&quot;dotlife_ext_is_parallax_mouse&quot;:&quot;false&quot;,&quot;dotlife_ext_is_infinite&quot;:&quot;false&quot;,&quot;dotlife_ext_is_fadeout_animation&quot;:&quot;false&quot;,&quot;dotlife_ext_mobile_static&quot;:&quot;false&quot;}\" data-widget_type=\"heading.default\">\n\t\t\t\t<div class=\"elementor-widget-container\">\n\t\t\t\t\t<h1 class=\"elementor-heading-title elementor-size-default\">Firmenspezifisches Training<\/h1>\t\t\t\t<\/div>\n\t\t\t\t<\/div>\n\t\t\t\t<\/div>\n\t\t<div class=\"elementor-element elementor-element-010e352 e-flex e-con-boxed e-con e-child\" data-id=\"010e352\" data-element_type=\"container\" data-e-type=\"container\">\n\t\t\t\t\t<div class=\"e-con-inner\">\n\t\t\t\t\t<\/div>\n\t\t\t\t<\/div>\n\t\t\t\t\t<\/div>\n\t\t\t\t<\/div>\n\t\t<div class=\"elementor-element elementor-element-7d2db19 e-flex e-con-boxed e-con e-parent\" data-id=\"7d2db19\" data-element_type=\"container\" data-e-type=\"container\">\n\t\t\t\t\t<div class=\"e-con-inner\">\n\t\t<div class=\"elementor-element elementor-element-46fa621 e-con-full elementor-hidden-mobile e-flex e-con e-child\" data-id=\"46fa621\" data-element_type=\"container\" data-e-type=\"container\">\n\t\t\t\t<\/div>\n\t\t<div class=\"elementor-element elementor-element-dc753f6 e-con-full e-flex e-con e-child\" data-id=\"dc753f6\" data-element_type=\"container\" data-e-type=\"container\">\n\t\t\t\t<div class=\"elementor-element elementor-element-c2af867 elementor-widget__width-initial elementor-widget-tablet__width-initial elementor-widget elementor-widget-heading\" data-id=\"c2af867\" data-element_type=\"widget\" data-e-type=\"widget\" data-settings=\"{&quot;dotlife_ext_link_sidemenu&quot;:&quot;false&quot;,&quot;dotlife_ext_link_fullmenu&quot;:&quot;false&quot;,&quot;dotlife_ext_link_closed_fullmenu&quot;:&quot;false&quot;,&quot;dotlife_ext_is_scrollme&quot;:&quot;false&quot;,&quot;dotlife_ext_is_smoove&quot;:&quot;false&quot;,&quot;dotlife_ext_is_parallax_mouse&quot;:&quot;false&quot;,&quot;dotlife_ext_is_infinite&quot;:&quot;false&quot;,&quot;dotlife_ext_is_fadeout_animation&quot;:&quot;false&quot;,&quot;dotlife_ext_mobile_static&quot;:&quot;false&quot;}\" data-widget_type=\"heading.default\">\n\t\t\t\t<div class=\"elementor-widget-container\">\n\t\t\t\t\t<h2 class=\"elementor-heading-title elementor-size-default\">Theorie ist das eine, Praxis das andere<\/h2>\t\t\t\t<\/div>\n\t\t\t\t<\/div>\n\t\t\t\t<\/div>\n\t\t<div class=\"elementor-element elementor-element-afb433d e-con-full elementor-hidden-mobile e-flex e-con e-child\" data-id=\"afb433d\" data-element_type=\"container\" data-e-type=\"container\">\n\t\t\t\t<\/div>\n\t\t\t\t\t<\/div>\n\t\t\t\t<\/div>\n\t\t<div class=\"elementor-element elementor-element-98539e6 e-flex e-con-boxed e-con e-parent\" data-id=\"98539e6\" data-element_type=\"container\" data-e-type=\"container\">\n\t\t\t\t\t<div class=\"e-con-inner\">\n\t\t<div class=\"elementor-element elementor-element-01ac7d1 e-con-full e-flex e-con e-child\" data-id=\"01ac7d1\" data-element_type=\"container\" data-e-type=\"container\">\n\t\t\t\t<div class=\"elementor-element elementor-element-0a618ee elementor-widget elementor-widget-heading\" data-id=\"0a618ee\" data-element_type=\"widget\" data-e-type=\"widget\" data-settings=\"{&quot;dotlife_ext_link_sidemenu&quot;:&quot;false&quot;,&quot;dotlife_ext_link_fullmenu&quot;:&quot;false&quot;,&quot;dotlife_ext_link_closed_fullmenu&quot;:&quot;false&quot;,&quot;dotlife_ext_is_scrollme&quot;:&quot;false&quot;,&quot;dotlife_ext_is_smoove&quot;:&quot;false&quot;,&quot;dotlife_ext_is_parallax_mouse&quot;:&quot;false&quot;,&quot;dotlife_ext_is_infinite&quot;:&quot;false&quot;,&quot;dotlife_ext_is_fadeout_animation&quot;:&quot;false&quot;,&quot;dotlife_ext_mobile_static&quot;:&quot;false&quot;}\" data-widget_type=\"heading.default\">\n\t\t\t\t<div class=\"elementor-widget-container\">\n\t\t\t\t\t<p class=\"elementor-heading-title elementor-size-default\">Ist dir Praxis wichtig, um Sicherheit im Tagesgesch\u00e4ft deines Teams zu gew\u00e4hrleisten? Dann nimm Kontakt zu uns auf. Ein Grundseminar von L.K.W. Schmid vermittelt solide theoretische Grundlagen \u2013 doch echtes Lernen findet f\u00fcr uns erst in der Praxis statt. Deshalb empfehlen wir zus\u00e4tzlich ein <b>Training On The Job<\/b>, bei dem dein Team direkt in realen Arbeitssituationen geschult wird. <b><br><br>Das Training On The Job<\/b> umfasst:\n<br>\n<br>\u2022 1 Tag mit 100 % Praxis\n<br>\u2022 Durchf\u00fchrung direkt im Versandbereich\n<br>\u2022 4 Gruppen \u00e0 max. 6 Personen, je ca. 1,5 Stunden\n<br>\u2022 Kleine Gruppen f\u00fcr intensive Betreuung\n<br>\u2022 Eingangscheck von Fahrzeugen <br>\u2022 Containern inkl. Bewertung von Sicherungsmitteln\n<br>\u2022 Bewertung und ggf. Durchf\u00fchrung der Ladungssicherung\n<br>\u2022 Ausgangscheck inkl. optionaler korrekter Dokumentation\n<br><br>\nZus\u00e4tzlich bieten wir ein <b>Q&amp;A-Seminar<\/b>, bei dem dein Team in kurzer Zeit alle Fragen zu unseren (Online-)Seminaren kl\u00e4ren kann. Du kannst Bilder aus deinem Arbeitsalltag einsenden, die wir gemeinsam auswerten \u2013 so profitieren alle im Team von individuellen L\u00f6sungen und praxisnaher Beratung.<br><br>Du m\u00f6chtest mehr erfahren? Dann f\u00fclle bitte das Kontaktformular aus. Unser Team meldet sich umgehend bei dir. Gemeinsam sprechen wir den genauen Ablauf ab und legen einen passenden Termin fest.<\/p>\t\t\t\t<\/div>\n\t\t\t\t<\/div>\n\t\t\t\t<div class=\"elementor-element elementor-element-30ab9b6 elementor-widget elementor-widget-shortcode\" data-id=\"30ab9b6\" data-element_type=\"widget\" data-e-type=\"widget\" data-settings=\"{&quot;dotlife_ext_link_sidemenu&quot;:&quot;false&quot;,&quot;dotlife_ext_link_fullmenu&quot;:&quot;false&quot;,&quot;dotlife_ext_link_closed_fullmenu&quot;:&quot;false&quot;,&quot;dotlife_ext_is_scrollme&quot;:&quot;false&quot;,&quot;dotlife_ext_is_smoove&quot;:&quot;false&quot;,&quot;dotlife_ext_is_parallax_mouse&quot;:&quot;false&quot;,&quot;dotlife_ext_is_infinite&quot;:&quot;false&quot;,&quot;dotlife_ext_is_fadeout_animation&quot;:&quot;false&quot;,&quot;dotlife_ext_mobile_static&quot;:&quot;false&quot;}\" data-widget_type=\"shortcode.default\">\n\t\t\t\t<div class=\"elementor-widget-container\">\n\t\t\t\t\t\t\t<div class=\"elementor-shortcode\">\n<div class=\"wpcf7 no-js\" id=\"wpcf7-f12-o1\" lang=\"de-DE\" dir=\"ltr\" data-wpcf7-id=\"12\">\n<div class=\"screen-reader-response\"><p role=\"status\" aria-live=\"polite\" aria-atomic=\"true\"><\/p> <ul><\/ul><\/div>\n<form action=\"\/home\/wp-json\/wp\/v2\/pages\/2147#wpcf7-f12-o1\" method=\"post\" class=\"wpcf7-form init\" aria-label=\"Kontaktformular\" novalidate=\"novalidate\" data-status=\"init\">\n<fieldset class=\"hidden-fields-container\"><input type=\"hidden\" name=\"_wpcf7\" value=\"12\" \/><input type=\"hidden\" name=\"_wpcf7_version\" value=\"6.1.5\" \/><input type=\"hidden\" name=\"_wpcf7_locale\" value=\"de_DE\" \/><input type=\"hidden\" name=\"_wpcf7_unit_tag\" value=\"wpcf7-f12-o1\" \/><input type=\"hidden\" name=\"_wpcf7_container_post\" value=\"0\" \/><input type=\"hidden\" name=\"_wpcf7_posted_data_hash\" value=\"\" \/>\n<\/fieldset>\n<p><label> Dein Name<br \/>\n<span class=\"wpcf7-form-control-wrap\" data-name=\"your-name\"><input size=\"40\" maxlength=\"400\" class=\"wpcf7-form-control wpcf7-text wpcf7-validates-as-required\" autocomplete=\"name\" aria-required=\"true\" aria-invalid=\"false\" value=\"\" type=\"text\" name=\"your-name\" \/><\/span> <\/label>\n<\/p>\n<p><label> Deine E-Mail-Adresse<br \/>\n<span class=\"wpcf7-form-control-wrap\" data-name=\"your-email\"><input size=\"40\" maxlength=\"400\" class=\"wpcf7-form-control wpcf7-email wpcf7-validates-as-required wpcf7-text wpcf7-validates-as-email\" autocomplete=\"email\" aria-required=\"true\" aria-invalid=\"false\" value=\"\" type=\"email\" name=\"your-email\" \/><\/span> <\/label>\n<\/p>\n<p><label> Betreff<br \/>\n<span class=\"wpcf7-form-control-wrap\" data-name=\"your-subject\"><input size=\"40\" maxlength=\"400\" class=\"wpcf7-form-control wpcf7-text wpcf7-validates-as-required\" aria-required=\"true\" aria-invalid=\"false\" value=\"\" type=\"text\" name=\"your-subject\" \/><\/span> <\/label>\n<\/p>\n<p><label> Deine Nachricht<br \/>\n<span class=\"wpcf7-form-control-wrap\" data-name=\"your-message\"><textarea cols=\"40\" rows=\"10\" maxlength=\"2000\" class=\"wpcf7-form-control wpcf7-textarea wpcf7-validates-as-required\" aria-required=\"true\" aria-invalid=\"false\" name=\"your-message\"><\/textarea><\/span> <\/label>\n<\/p>\n<p><span class=\"wpcf7-form-control-wrap\" data-name=\"your-consent\"><span class=\"wpcf7-form-control wpcf7-acceptance\"><span class=\"wpcf7-list-item\"><label><input type=\"checkbox\" name=\"your-consent\" value=\"1\" aria-invalid=\"false\" \/><span class=\"wpcf7-list-item-label\">Ich habe die Datenschutzerkl\u00e4rung gelesen und stimme ihr zu.<\/span><\/label><\/span><\/span><\/span>\n<\/p>\n<p><input class=\"wpcf7-form-control wpcf7-submit has-spinner\" type=\"submit\" value=\"Senden\" \/>\n<\/p><div class=\"wpcf7-response-output\" aria-hidden=\"true\"><\/div>\n<\/form>\n<\/div>\n<\/div>\n\t\t\t\t\t\t<\/div>\n\t\t\t\t<\/div>\n\t\t\t\t<\/div>\n\t\t\t\t\t<\/div>\n\t\t\t\t<\/div>\n\t\t<div class=\"elementor-element elementor-element-63bbea1 elementor-hidden-desktop elementor-hidden-tablet elementor-hidden-mobile e-flex e-con-boxed e-con e-parent\" data-id=\"63bbea1\" data-element_type=\"container\" data-e-type=\"container\" data-settings=\"{&quot;background_background&quot;:&quot;classic&quot;}\">\n\t\t\t\t\t<div class=\"e-con-inner\">\n\t\t<div class=\"elementor-element elementor-element-d7f9c64 e-con-full e-flex e-con e-child\" data-id=\"d7f9c64\" data-element_type=\"container\" data-e-type=\"container\">\n\t\t\t\t<div class=\"elementor-element elementor-element-380cbfc elementor-widget elementor-widget-image\" data-id=\"380cbfc\" data-element_type=\"widget\" data-e-type=\"widget\" data-settings=\"{&quot;dotlife_image_is_animation&quot;:&quot;false&quot;,&quot;dotlife_ext_link_sidemenu&quot;:&quot;false&quot;,&quot;dotlife_ext_link_fullmenu&quot;:&quot;false&quot;,&quot;dotlife_ext_link_closed_fullmenu&quot;:&quot;false&quot;,&quot;dotlife_ext_is_scrollme&quot;:&quot;false&quot;,&quot;dotlife_ext_is_smoove&quot;:&quot;false&quot;,&quot;dotlife_ext_is_parallax_mouse&quot;:&quot;false&quot;,&quot;dotlife_ext_is_infinite&quot;:&quot;false&quot;,&quot;dotlife_ext_is_fadeout_animation&quot;:&quot;false&quot;,&quot;dotlife_ext_mobile_static&quot;:&quot;false&quot;}\" data-widget_type=\"image.default\">\n\t\t\t\t<div class=\"elementor-widget-container\">\n\t\t\t\t\t\t\t\t\t\t\t\t\t\t\t<img fetchpriority=\"high\" decoding=\"async\" width=\"500\" height=\"500\" src=\"https:\/\/lkw-schmid.de\/wp-content\/uploads\/2023\/11\/avatar-3.jpg\" class=\"attachment-large size-large wp-image-121\" alt=\"\" srcset=\"https:\/\/lkw-schmid.de\/wp-content\/uploads\/2023\/11\/avatar-3.jpg 500w, https:\/\/lkw-schmid.de\/wp-content\/uploads\/2023\/11\/avatar-3-300x300.jpg 300w, https:\/\/lkw-schmid.de\/wp-content\/uploads\/2023\/11\/avatar-3-100x100.jpg 100w, https:\/\/lkw-schmid.de\/wp-content\/uploads\/2023\/11\/avatar-3-150x150.jpg 150w, https:\/\/lkw-schmid.de\/wp-content\/uploads\/2023\/11\/avatar-3-440x440.jpg 440w\" sizes=\"(max-width: 500px) 100vw, 500px\" \/>\t\t\t\t\t\t\t\t\t\t\t\t\t\t\t<\/div>\n\t\t\t\t<\/div>\n\t\t\t\t<\/div>\n\t\t<div class=\"elementor-element elementor-element-834536f e-con-full e-flex e-con e-child\" data-id=\"834536f\" data-element_type=\"container\" data-e-type=\"container\">\n\t\t\t\t<div class=\"elementor-element elementor-element-41aa3c2 elementor-widget__width-initial elementor-widget elementor-widget-heading\" data-id=\"41aa3c2\" data-element_type=\"widget\" data-e-type=\"widget\" data-settings=\"{&quot;dotlife_ext_link_sidemenu&quot;:&quot;false&quot;,&quot;dotlife_ext_link_fullmenu&quot;:&quot;false&quot;,&quot;dotlife_ext_link_closed_fullmenu&quot;:&quot;false&quot;,&quot;dotlife_ext_is_scrollme&quot;:&quot;false&quot;,&quot;dotlife_ext_is_smoove&quot;:&quot;false&quot;,&quot;dotlife_ext_is_parallax_mouse&quot;:&quot;false&quot;,&quot;dotlife_ext_is_infinite&quot;:&quot;false&quot;,&quot;dotlife_ext_is_fadeout_animation&quot;:&quot;false&quot;,&quot;dotlife_ext_mobile_static&quot;:&quot;false&quot;}\" data-widget_type=\"heading.default\">\n\t\t\t\t<div class=\"elementor-widget-container\">\n\t\t\t\t\t<h2 class=\"elementor-heading-title elementor-size-default\">Buchen Sie jetzt Ihr exklusives Q&amp;A<\/h2>\t\t\t\t<\/div>\n\t\t\t\t<\/div>\n\t\t\t\t<\/div>\n\t\t\t\t\t<\/div>\n\t\t\t\t<\/div>\n\t\t\t\t<\/div>\n\t\t","protected":false},"excerpt":{"rendered":"<p>Firmenspezifisches Training Theorie ist das eine, Praxis das andere Ist dir Praxis wichtig, um Sicherheit im Tagesgesch\u00e4ft deines Teams zu [&hellip;]<\/p>\n","protected":false},"author":1,"featured_media":1313,"parent":0,"menu_order":0,"comment_status":"closed","ping_status":"closed","template":"elementor_header_footer","meta":{"footnotes":""},"class_list":["post-2147","page","type-page","status-publish","has-post-thumbnail","hentry"],"yoast_head":"<!-- This site is optimized with the Yoast SEO plugin v27.4 - https:\/\/yoast.com\/product\/yoast-seo-wordpress\/ -->\n<title>Firmenspezifisches Training: Training on the Job und Q&amp;As - L.K.W. Schmid<\/title>\n<meta name=\"description\" content=\"Schulen Sie Ihr Team und steigern Sie die Effizienz Ihrer logistischen Abl\u00e4ufe durch das firmenspezifisches Training von L.K.W. Schmid.\" \/>\n<meta name=\"robots\" content=\"index, follow, max-snippet:-1, max-image-preview:large, max-video-preview:-1\" \/>\n<link rel=\"canonical\" href=\"https:\/\/lkw-schmid.de\/home\/firmenspezifisches-training\/\" \/>\n<meta property=\"og:locale\" content=\"de_DE\" \/>\n<meta property=\"og:type\" content=\"article\" \/>\n<meta property=\"og:title\" content=\"Firmenspezifisches Training: Training on the Job und Q&amp;As - L.K.W. Schmid\" \/>\n<meta property=\"og:description\" content=\"Schulen Sie Ihr Team und steigern Sie die Effizienz Ihrer logistischen Abl\u00e4ufe durch das firmenspezifisches Training von L.K.W. Schmid.\" \/>\n<meta property=\"og:url\" content=\"https:\/\/lkw-schmid.de\/home\/firmenspezifisches-training\/\" \/>\n<meta property=\"og:site_name\" content=\"L.K.W. Schmid\" \/>\n<meta property=\"article:publisher\" content=\"https:\/\/www.facebook.com\/lkwschmid\/\" \/>\n<meta property=\"article:modified_time\" content=\"2025-06-16T16:55:30+00:00\" \/>\n<meta property=\"og:image\" content=\"https:\/\/lkw-schmid.de\/wp-content\/uploads\/2024\/04\/A9200933.jpg\" \/>\n\t<meta property=\"og:image:width\" content=\"2000\" \/>\n\t<meta property=\"og:image:height\" content=\"1333\" \/>\n\t<meta property=\"og:image:type\" content=\"image\/jpeg\" \/>\n<meta name=\"twitter:card\" content=\"summary_large_image\" \/>\n<meta name=\"twitter:label1\" content=\"Gesch\u00e4tzte Lesezeit\" \/>\n\t<meta name=\"twitter:data1\" content=\"3\u00a0Minuten\" \/>\n<script type=\"application\/ld+json\" class=\"yoast-schema-graph\">{\"@context\":\"https:\\\/\\\/schema.org\",\"@graph\":[{\"@type\":\"WebPage\",\"@id\":\"https:\\\/\\\/lkw-schmid.de\\\/home\\\/firmenspezifisches-training\\\/\",\"url\":\"https:\\\/\\\/lkw-schmid.de\\\/home\\\/firmenspezifisches-training\\\/\",\"name\":\"Firmenspezifisches Training: Training on the Job und Q&As - L.K.W. Schmid\",\"isPartOf\":{\"@id\":\"https:\\\/\\\/lkw-schmid.de\\\/home\\\/#website\"},\"primaryImageOfPage\":{\"@id\":\"https:\\\/\\\/lkw-schmid.de\\\/home\\\/firmenspezifisches-training\\\/#primaryimage\"},\"image\":{\"@id\":\"https:\\\/\\\/lkw-schmid.de\\\/home\\\/firmenspezifisches-training\\\/#primaryimage\"},\"thumbnailUrl\":\"https:\\\/\\\/lkw-schmid.de\\\/wp-content\\\/uploads\\\/2024\\\/04\\\/A9200933.jpg\",\"datePublished\":\"2024-05-07T16:18:50+00:00\",\"dateModified\":\"2025-06-16T16:55:30+00:00\",\"description\":\"Schulen Sie Ihr Team und steigern Sie die Effizienz Ihrer logistischen Abl\u00e4ufe durch das firmenspezifisches Training von L.K.W. Schmid.\",\"breadcrumb\":{\"@id\":\"https:\\\/\\\/lkw-schmid.de\\\/home\\\/firmenspezifisches-training\\\/#breadcrumb\"},\"inLanguage\":\"de\",\"potentialAction\":[{\"@type\":\"ReadAction\",\"target\":[\"https:\\\/\\\/lkw-schmid.de\\\/home\\\/firmenspezifisches-training\\\/\"]}]},{\"@type\":\"ImageObject\",\"inLanguage\":\"de\",\"@id\":\"https:\\\/\\\/lkw-schmid.de\\\/home\\\/firmenspezifisches-training\\\/#primaryimage\",\"url\":\"https:\\\/\\\/lkw-schmid.de\\\/wp-content\\\/uploads\\\/2024\\\/04\\\/A9200933.jpg\",\"contentUrl\":\"https:\\\/\\\/lkw-schmid.de\\\/wp-content\\\/uploads\\\/2024\\\/04\\\/A9200933.jpg\",\"width\":2000,\"height\":1333,\"caption\":\"Firmenspezifisches Training\"},{\"@type\":\"BreadcrumbList\",\"@id\":\"https:\\\/\\\/lkw-schmid.de\\\/home\\\/firmenspezifisches-training\\\/#breadcrumb\",\"itemListElement\":[{\"@type\":\"ListItem\",\"position\":1,\"name\":\"Startseite\",\"item\":\"https:\\\/\\\/lkw-schmid.de\\\/home\\\/\"},{\"@type\":\"ListItem\",\"position\":2,\"name\":\"Firmenspezifisches Training\"}]},{\"@type\":\"WebSite\",\"@id\":\"https:\\\/\\\/lkw-schmid.de\\\/home\\\/#website\",\"url\":\"https:\\\/\\\/lkw-schmid.de\\\/home\\\/\",\"name\":\"lkw-schmid.de\",\"description\":\"\",\"publisher\":{\"@id\":\"https:\\\/\\\/lkw-schmid.de\\\/home\\\/#organization\"},\"potentialAction\":[{\"@type\":\"SearchAction\",\"target\":{\"@type\":\"EntryPoint\",\"urlTemplate\":\"https:\\\/\\\/lkw-schmid.de\\\/home\\\/?s={search_term_string}\"},\"query-input\":{\"@type\":\"PropertyValueSpecification\",\"valueRequired\":true,\"valueName\":\"search_term_string\"}}],\"inLanguage\":\"de\"},{\"@type\":\"Organization\",\"@id\":\"https:\\\/\\\/lkw-schmid.de\\\/home\\\/#organization\",\"name\":\"lkw-schmid.de\",\"url\":\"https:\\\/\\\/lkw-schmid.de\\\/home\\\/\",\"logo\":{\"@type\":\"ImageObject\",\"inLanguage\":\"de\",\"@id\":\"https:\\\/\\\/lkw-schmid.de\\\/home\\\/#\\\/schema\\\/logo\\\/image\\\/\",\"url\":\"https:\\\/\\\/lkw-schmid.de\\\/wp-content\\\/uploads\\\/2024\\\/04\\\/cropped-Logo.png\",\"contentUrl\":\"https:\\\/\\\/lkw-schmid.de\\\/wp-content\\\/uploads\\\/2024\\\/04\\\/cropped-Logo.png\",\"width\":512,\"height\":512,\"caption\":\"lkw-schmid.de\"},\"image\":{\"@id\":\"https:\\\/\\\/lkw-schmid.de\\\/home\\\/#\\\/schema\\\/logo\\\/image\\\/\"},\"sameAs\":[\"https:\\\/\\\/www.facebook.com\\\/lkwschmid\\\/\",\"https:\\\/\\\/www.youtube.com\\\/channel\\\/UCvjRmswM0u67JvH3NU_yoRg\",\"https:\\\/\\\/www.linkedin.com\\\/company\\\/lkw-schmid\\\/\"]}]}<\/script>\n<!-- \/ Yoast SEO plugin. -->","yoast_head_json":{"title":"Firmenspezifisches Training: Training on the Job und Q&As - L.K.W. Schmid","description":"Schulen Sie Ihr Team und steigern Sie die Effizienz Ihrer logistischen Abl\u00e4ufe durch das firmenspezifisches Training von L.K.W. Schmid.","robots":{"index":"index","follow":"follow","max-snippet":"max-snippet:-1","max-image-preview":"max-image-preview:large","max-video-preview":"max-video-preview:-1"},"canonical":"https:\/\/lkw-schmid.de\/home\/firmenspezifisches-training\/","og_locale":"de_DE","og_type":"article","og_title":"Firmenspezifisches Training: Training on the Job und Q&As - L.K.W. Schmid","og_description":"Schulen Sie Ihr Team und steigern Sie die Effizienz Ihrer logistischen Abl\u00e4ufe durch das firmenspezifisches Training von L.K.W. Schmid.","og_url":"https:\/\/lkw-schmid.de\/home\/firmenspezifisches-training\/","og_site_name":"L.K.W. Schmid","article_publisher":"https:\/\/www.facebook.com\/lkwschmid\/","article_modified_time":"2025-06-16T16:55:30+00:00","og_image":[{"width":2000,"height":1333,"url":"https:\/\/lkw-schmid.de\/wp-content\/uploads\/2024\/04\/A9200933.jpg","type":"image\/jpeg"}],"twitter_card":"summary_large_image","twitter_misc":{"Gesch\u00e4tzte Lesezeit":"3\u00a0Minuten"},"schema":{"@context":"https:\/\/schema.org","@graph":[{"@type":"WebPage","@id":"https:\/\/lkw-schmid.de\/home\/firmenspezifisches-training\/","url":"https:\/\/lkw-schmid.de\/home\/firmenspezifisches-training\/","name":"Firmenspezifisches Training: Training on the Job und Q&As - L.K.W. Schmid","isPartOf":{"@id":"https:\/\/lkw-schmid.de\/home\/#website"},"primaryImageOfPage":{"@id":"https:\/\/lkw-schmid.de\/home\/firmenspezifisches-training\/#primaryimage"},"image":{"@id":"https:\/\/lkw-schmid.de\/home\/firmenspezifisches-training\/#primaryimage"},"thumbnailUrl":"https:\/\/lkw-schmid.de\/wp-content\/uploads\/2024\/04\/A9200933.jpg","datePublished":"2024-05-07T16:18:50+00:00","dateModified":"2025-06-16T16:55:30+00:00","description":"Schulen Sie Ihr Team und steigern Sie die Effizienz Ihrer logistischen Abl\u00e4ufe durch das firmenspezifisches Training von L.K.W. Schmid.","breadcrumb":{"@id":"https:\/\/lkw-schmid.de\/home\/firmenspezifisches-training\/#breadcrumb"},"inLanguage":"de","potentialAction":[{"@type":"ReadAction","target":["https:\/\/lkw-schmid.de\/home\/firmenspezifisches-training\/"]}]},{"@type":"ImageObject","inLanguage":"de","@id":"https:\/\/lkw-schmid.de\/home\/firmenspezifisches-training\/#primaryimage","url":"https:\/\/lkw-schmid.de\/wp-content\/uploads\/2024\/04\/A9200933.jpg","contentUrl":"https:\/\/lkw-schmid.de\/wp-content\/uploads\/2024\/04\/A9200933.jpg","width":2000,"height":1333,"caption":"Firmenspezifisches Training"},{"@type":"BreadcrumbList","@id":"https:\/\/lkw-schmid.de\/home\/firmenspezifisches-training\/#breadcrumb","itemListElement":[{"@type":"ListItem","position":1,"name":"Startseite","item":"https:\/\/lkw-schmid.de\/home\/"},{"@type":"ListItem","position":2,"name":"Firmenspezifisches Training"}]},{"@type":"WebSite","@id":"https:\/\/lkw-schmid.de\/home\/#website","url":"https:\/\/lkw-schmid.de\/home\/","name":"lkw-schmid.de","description":"","publisher":{"@id":"https:\/\/lkw-schmid.de\/home\/#organization"},"potentialAction":[{"@type":"SearchAction","target":{"@type":"EntryPoint","urlTemplate":"https:\/\/lkw-schmid.de\/home\/?s={search_term_string}"},"query-input":{"@type":"PropertyValueSpecification","valueRequired":true,"valueName":"search_term_string"}}],"inLanguage":"de"},{"@type":"Organization","@id":"https:\/\/lkw-schmid.de\/home\/#organization","name":"lkw-schmid.de","url":"https:\/\/lkw-schmid.de\/home\/","logo":{"@type":"ImageObject","inLanguage":"de","@id":"https:\/\/lkw-schmid.de\/home\/#\/schema\/logo\/image\/","url":"https:\/\/lkw-schmid.de\/wp-content\/uploads\/2024\/04\/cropped-Logo.png","contentUrl":"https:\/\/lkw-schmid.de\/wp-content\/uploads\/2024\/04\/cropped-Logo.png","width":512,"height":512,"caption":"lkw-schmid.de"},"image":{"@id":"https:\/\/lkw-schmid.de\/home\/#\/schema\/logo\/image\/"},"sameAs":["https:\/\/www.facebook.com\/lkwschmid\/","https:\/\/www.youtube.com\/channel\/UCvjRmswM0u67JvH3NU_yoRg","https:\/\/www.linkedin.com\/company\/lkw-schmid\/"]}]}},"_links":{"self":[{"href":"https:\/\/lkw-schmid.de\/home\/wp-json\/wp\/v2\/pages\/2147","targetHints":{"allow":["GET"]}}],"collection":[{"href":"https:\/\/lkw-schmid.de\/home\/wp-json\/wp\/v2\/pages"}],"about":[{"href":"https:\/\/lkw-schmid.de\/home\/wp-json\/wp\/v2\/types\/page"}],"author":[{"embeddable":true,"href":"https:\/\/lkw-schmid.de\/home\/wp-json\/wp\/v2\/users\/1"}],"replies":[{"embeddable":true,"href":"https:\/\/lkw-schmid.de\/home\/wp-json\/wp\/v2\/comments?post=2147"}],"version-history":[{"count":0,"href":"https:\/\/lkw-schmid.de\/home\/wp-json\/wp\/v2\/pages\/2147\/revisions"}],"wp:featuredmedia":[{"embeddable":true,"href":"https:\/\/lkw-schmid.de\/home\/wp-json\/wp\/v2\/media\/1313"}],"wp:attachment":[{"href":"https:\/\/lkw-schmid.de\/home\/wp-json\/wp\/v2\/media?parent=2147"}],"curies":[{"name":"wp","href":"https:\/\/api.w.org\/{rel}","templated":true}]}}