{"id":4122,"date":"2025-04-08T15:58:36","date_gmt":"2025-04-08T13:58:36","guid":{"rendered":"https:\/\/lkw-schmid.de\/home\/?page_id=4122"},"modified":"2025-04-08T16:28:05","modified_gmt":"2025-04-08T14:28:05","slug":"teilnahmebedingungen-affiliate-programm","status":"publish","type":"page","link":"https:\/\/lkw-schmid.de\/home\/teilnahmebedingungen-affiliate-programm\/","title":{"rendered":"Teilnahmebedingungen L.K.W. Schmid Affiliate-Programm"},"content":{"rendered":"\n<p>Um eine faire und transparente Zusammenarbeit zu gew\u00e4hrleisten, bitten wir dich, die folgenden Teilnahmebedingungen und Richtlinien zu beachten. Wir m\u00f6chten sicherstellen, dass die Promotion unserer Produkte im Einklang mit den besten Praktiken des Online-Marketings und den rechtlichen Vorschriften erfolgt. Bei Nichtbeachtung dieser Bedingungen k\u00f6nnen wir die Partnerschaft beenden.<\/p>\n\n\n\n<div style=\"height:25px\" aria-hidden=\"true\" class=\"wp-block-spacer\"><\/div>\n\n\n\n<h2 class=\"wp-block-heading\"><strong>Erlaubte Werbema\u00dfnahmen (DO&#8217;s)<\/strong><\/h2>\n\n\n\n<p>Als Affiliate-Partner kannst du auf eine Vielzahl von Werbemethoden zur\u00fcckgreifen, um unsere Produkte zu bewerben. Hier sind einige der erlaubten Werbema\u00dfnahmen:<\/p>\n\n\n\n<ol class=\"wp-block-list\">\n<li><strong>Verwendung von Werbematerialien:<\/strong><br>Du hast die Erlaubnis, alle von uns bereitgestellten Bilder, Videos und Texte zu verwenden, um f\u00fcr unsere Produkte und Dienstleistungen zu werben. Du kannst das Werbematerial direkt von unserer Affiliate Support Seite herunterladen. Alle Texte und Bilder auf unseren Verkaufsseiten sind ebenfalls zur Nutzung freigegeben.<\/li>\n\n\n\n<li><strong>Social Media Werbung:<\/strong>\n<ul class=\"wp-block-list\">\n<li><strong>Facebook:<\/strong> Du kannst Facebook-Werbung (Videos, gesponserte Posts, Werbeanzeigen) nutzen.<\/li>\n\n\n\n<li><strong>Instagram, LinkedIn, Twitter &amp; Co:<\/strong> Diese Plattformen eignen sich ebenso zur Bewerbung deiner Affiliate-Links.<\/li>\n\n\n\n<li><strong>YouTube &amp; TikTok:<\/strong> Nutze Videoformate, um unsere Produkte vorzustellen und zu bewerben.<\/li>\n\n\n\n<li><strong>Bing und Google Ads:<\/strong> Bing Ads k\u00f6nnen verwendet werden. Google Ads darf ausschlie\u00dflich im Display-Netzwerk genutzt werden, jedoch nicht im Suchnetzwerk.<\/li>\n<\/ul>\n<\/li>\n\n\n\n<li><strong>Blogartikel und Webseiten:<\/strong><br>Du darfst eigene Artikel und Blogbeitr\u00e4ge verfassen und mit Affiliate-Links versehen. Nutze diese Inhalte, um das Produkt auf deiner Website oder deinem Blog zu bewerben.<\/li>\n\n\n\n<li><strong>E-Mail-Marketing:<\/strong><br>Du kannst E-Mail-Kampagnen durchf\u00fchren, um deine Abonnenten direkt anzusprechen und ihnen unsere Produkte zu empfehlen.<\/li>\n\n\n\n<li><strong>Offline-Werbung:<\/strong><br>Empfehlungsmarketing kann auch offline stattfinden, z.B. durch die Verteilung von Visitenkarten, die Shortlinks (z.B. bit.ly) und QR-Codes enthalten.<\/li>\n\n\n\n<li><strong>Werbung \u00fcber eigene Banner:<\/strong><br>Du kannst eigene Banner erstellen oder die bereitgestellten Banner verwenden, um unsere Produkte zu bewerben.<\/li>\n\n\n\n<li><strong>Eigenes E-Book oder andere digitale Produkte:<\/strong><br>Du kannst ein eigenes E-Book oder eine andere digitale Ressource erstellen, in dem du unsere Produkte empfiehlst und deinen Affiliate-Link integrierst.<\/li>\n<\/ol>\n\n\n\n<div style=\"height:25px\" aria-hidden=\"true\" class=\"wp-block-spacer\"><\/div>\n\n\n\n<h2 class=\"wp-block-heading\">Unzul\u00e4ssige Werbema\u00dfnahmen (DONT&#8217;s)<\/h2>\n\n\n\n<p>Es gibt bestimmte Praktiken, die wir im Affiliate-Marketing nicht tolerieren. Bitte stelle sicher, dass du diese Richtlinien respektierst, um eine langfristige und erfolgreiche Partnerschaft zu gew\u00e4hrleisten:<\/p>\n\n\n\n<ol class=\"wp-block-list\">\n<li><strong>Google Ads \u2013 Search und Brand Advertising:<\/strong><br>Die Nutzung von <strong>Google AdWords<\/strong> im Suchnetzwerk sowie Brand Advertising f\u00fcr unsere Produkte ist ausdr\u00fccklich untersagt. Dies f\u00fchrt zu einer sofortigen Beendigung der Partnerschaft. Wer gegen diese Regel verst\u00f6\u00dft, kann zudem f\u00fcr entstehende Kosten haftbar gemacht werden.<\/li>\n\n\n\n<li><strong>Verwendung unserer Markennamen auf Facebook Fanpages:<\/strong><br>Du darfst keine Facebook Fanpages erstellen, die den Eindruck erwecken, dass sie von uns betrieben werden, oder die unsere Produktnamen und Markennamen enthalten. Dies betrifft insbesondere die Nutzung des Namens unserer Produkte oder Marken in Fanpage-Titeln. Eine klare Trennung und ein transparenter Hinweis auf die Eigenst\u00e4ndigkeit der Seite ist erforderlich. Bei Verst\u00f6\u00dfen drohen Sperrungen von Werbekonten und Social-Media-Accounts.<\/li>\n\n\n\n<li><strong>Spam und unethische Werbung:<\/strong><br>Der Versand von Spam-Mails oder unaufgeforderter Werbung \u00fcber Social Media, Foren oder Plattformen ist untersagt. Ebenso ist die Werbung auf Seiten, die in irgendeiner Weise unethische Inhalte wie Pornografie, rassistische oder menschenrechtsverletzende Inhalte oder illegaler Inhalt bieten, nicht gestattet.<\/li>\n\n\n\n<li><strong>Eigenk\u00e4ufe \u00fcber den eigenen Affiliate-Link:<\/strong><br>Es ist verboten, K\u00e4ufe \u00fcber deinen eigenen Affiliate-Link zu t\u00e4tigen. Dies gilt insbesondere f\u00fcr pers\u00f6nliche K\u00e4ufe von Produkten, die du f\u00fcr dich selbst bestellst. Jeder Kauf sollte ohne Nutzung deines Affiliate-Links erfolgen.<\/li>\n\n\n\n<li><strong>Cashback-Angebote:<\/strong><br>Du darfst keine erhaltenen Provisionen an den Endkunden zur\u00fcckgeben oder Rabatte gew\u00e4hren, die die Produktsumme reduzieren.<\/li>\n\n\n\n<li><strong>Falsche Werbeversprechen und Exklusivit\u00e4t:<\/strong><br>Du darfst keine falschen Werbeversprechen oder \u00fcbertriebene Aussagen zur Exklusivit\u00e4t machen, wie zum Beispiel \u201eDas Produkt gibt es nur bei uns\u201c oder \u201e100 % Erfolgsgarantie\u201c.<\/li>\n\n\n\n<li><strong>Fake Testimonials:<\/strong><br>Erfundene Testimonials oder Erfahrungsberichte, insbesondere gekaufte Video-Reviews oder Testberichte, sind strikt untersagt.<\/li>\n\n\n\n<li><strong>Fake-Accounts und irref\u00fchrende Webpr\u00e4senzen:<\/strong><br>Du darfst keine Fake-Accounts in sozialen Medien oder auf Webseiten erstellen, die den Eindruck vermitteln, dass sie von uns oder unseren Produkten betrieben werden. Dies gilt ebenso f\u00fcr Domainnamen, die unsere Marken oder Produktnamen beinhalten.<\/li>\n\n\n\n<li><strong>Verwendung unserer Markennamen zur Bewerbung anderer Produkte:<\/strong><br>Du darfst unsere Marken, Produkte und Inhalte nicht zur Bewerbung von Drittanbietermarken oder Produkten verwenden. Unsere Medien und Marken d\u00fcrfen ausschlie\u00dflich zur Bewerbung unserer eigenen Produkte genutzt werden.<\/li>\n\n\n\n<li><strong>Fr\u00fchstart bei Launches:<\/strong><br>Alle Partner m\u00fcssen sich an die festgelegten Startzeiten f\u00fcr Werbema\u00dfnahmen im Zusammenhang mit neuen Produktver\u00f6ffentlichungen halten. Vorzeitiges Werben vor dem offiziellen Startzeitpunkt wird als unethisch angesehen und f\u00fchrt zu einer Sperrung der Partnerschaft f\u00fcr diesen Launch.<\/li>\n<\/ol>\n\n\n\n<div style=\"height:25px\" aria-hidden=\"true\" class=\"wp-block-spacer\"><\/div>\n\n\n\n<h2 class=\"wp-block-heading\">Sonstige Regeln<\/h2>\n\n\n\n<p><strong>Verantwortung:<\/strong> Du bist daf\u00fcr verantwortlich, dass alle von dir erstellten Werbema\u00dfnahmen den geltenden rechtlichen Bestimmungen entsprechen, einschlie\u00dflich Datenschutzgesetzen (z.B. DSGVO) und den Richtlinien der jeweiligen Plattformen, auf denen du wirbst.<\/p>\n\n\n\n<p><strong>Recht auf Anpassung der Richtlinien:<\/strong> Wir behalten uns das Recht vor, diese Teilnahmebedingungen und Richtlinien jederzeit zu \u00e4ndern. Wir werden dich \u00fcber etwaige \u00c4nderungen informieren, die die Nutzung unseres Partnerprogramms betreffen.<\/p>\n","protected":false},"excerpt":{"rendered":"<p>Um eine faire und transparente Zusammenarbeit zu gew\u00e4hrleisten, bitten wir dich, die folgenden Teilnahmebedingungen und Richtlinien zu beachten. Wir m\u00f6chten [&hellip;]<\/p>\n","protected":false},"author":1,"featured_media":0,"parent":0,"menu_order":0,"comment_status":"closed","ping_status":"closed","template":"","meta":{"footnotes":""},"class_list":["post-4122","page","type-page","status-publish","hentry"],"yoast_head":"<!-- This site is optimized with the Yoast SEO plugin v27.4 - https:\/\/yoast.com\/product\/yoast-seo-wordpress\/ -->\n<title>Teilnahmebedingungen Affiliate-Programm - L.K.W. Schmid<\/title>\n<meta name=\"description\" content=\"Erfahre alles \u00fcber die Teilnahmebedingungen unseres Affiliate-Programms. Hier findest du wichtige Richtlinien zu Werbung, und mehr.\" \/>\n<meta name=\"robots\" content=\"index, follow, max-snippet:-1, max-image-preview:large, max-video-preview:-1\" \/>\n<link rel=\"canonical\" href=\"https:\/\/lkw-schmid.de\/home\/teilnahmebedingungen-affiliate-programm\/\" \/>\n<meta property=\"og:locale\" content=\"de_DE\" \/>\n<meta property=\"og:type\" content=\"article\" \/>\n<meta property=\"og:title\" content=\"Teilnahmebedingungen Affiliate-Programm - L.K.W. Schmid\" \/>\n<meta property=\"og:description\" content=\"Erfahre alles \u00fcber die Teilnahmebedingungen unseres Affiliate-Programms. Hier findest du wichtige Richtlinien zu Werbung, und mehr.\" \/>\n<meta property=\"og:url\" content=\"https:\/\/lkw-schmid.de\/home\/teilnahmebedingungen-affiliate-programm\/\" \/>\n<meta property=\"og:site_name\" content=\"L.K.W. Schmid\" \/>\n<meta property=\"article:publisher\" content=\"https:\/\/www.facebook.com\/lkwschmid\/\" \/>\n<meta property=\"article:modified_time\" content=\"2025-04-08T14:28:05+00:00\" \/>\n<meta name=\"twitter:card\" content=\"summary_large_image\" \/>\n<meta name=\"twitter:label1\" content=\"Gesch\u00e4tzte Lesezeit\" \/>\n\t<meta name=\"twitter:data1\" content=\"5\u00a0Minuten\" \/>\n<script type=\"application\/ld+json\" class=\"yoast-schema-graph\">{\"@context\":\"https:\\\/\\\/schema.org\",\"@graph\":[{\"@type\":\"WebPage\",\"@id\":\"https:\\\/\\\/lkw-schmid.de\\\/home\\\/teilnahmebedingungen-affiliate-programm\\\/\",\"url\":\"https:\\\/\\\/lkw-schmid.de\\\/home\\\/teilnahmebedingungen-affiliate-programm\\\/\",\"name\":\"Teilnahmebedingungen Affiliate-Programm - L.K.W. Schmid\",\"isPartOf\":{\"@id\":\"https:\\\/\\\/lkw-schmid.de\\\/home\\\/#website\"},\"datePublished\":\"2025-04-08T13:58:36+00:00\",\"dateModified\":\"2025-04-08T14:28:05+00:00\",\"description\":\"Erfahre alles \u00fcber die Teilnahmebedingungen unseres Affiliate-Programms. Hier findest du wichtige Richtlinien zu Werbung, und mehr.\",\"breadcrumb\":{\"@id\":\"https:\\\/\\\/lkw-schmid.de\\\/home\\\/teilnahmebedingungen-affiliate-programm\\\/#breadcrumb\"},\"inLanguage\":\"de\",\"potentialAction\":[{\"@type\":\"ReadAction\",\"target\":[\"https:\\\/\\\/lkw-schmid.de\\\/home\\\/teilnahmebedingungen-affiliate-programm\\\/\"]}]},{\"@type\":\"BreadcrumbList\",\"@id\":\"https:\\\/\\\/lkw-schmid.de\\\/home\\\/teilnahmebedingungen-affiliate-programm\\\/#breadcrumb\",\"itemListElement\":[{\"@type\":\"ListItem\",\"position\":1,\"name\":\"Startseite\",\"item\":\"https:\\\/\\\/lkw-schmid.de\\\/home\\\/\"},{\"@type\":\"ListItem\",\"position\":2,\"name\":\"Teilnahmebedingungen L.K.W. Schmid Affiliate-Programm\"}]},{\"@type\":\"WebSite\",\"@id\":\"https:\\\/\\\/lkw-schmid.de\\\/home\\\/#website\",\"url\":\"https:\\\/\\\/lkw-schmid.de\\\/home\\\/\",\"name\":\"lkw-schmid.de\",\"description\":\"\",\"publisher\":{\"@id\":\"https:\\\/\\\/lkw-schmid.de\\\/home\\\/#organization\"},\"potentialAction\":[{\"@type\":\"SearchAction\",\"target\":{\"@type\":\"EntryPoint\",\"urlTemplate\":\"https:\\\/\\\/lkw-schmid.de\\\/home\\\/?s={search_term_string}\"},\"query-input\":{\"@type\":\"PropertyValueSpecification\",\"valueRequired\":true,\"valueName\":\"search_term_string\"}}],\"inLanguage\":\"de\"},{\"@type\":\"Organization\",\"@id\":\"https:\\\/\\\/lkw-schmid.de\\\/home\\\/#organization\",\"name\":\"lkw-schmid.de\",\"url\":\"https:\\\/\\\/lkw-schmid.de\\\/home\\\/\",\"logo\":{\"@type\":\"ImageObject\",\"inLanguage\":\"de\",\"@id\":\"https:\\\/\\\/lkw-schmid.de\\\/home\\\/#\\\/schema\\\/logo\\\/image\\\/\",\"url\":\"https:\\\/\\\/lkw-schmid.de\\\/wp-content\\\/uploads\\\/2024\\\/04\\\/cropped-Logo.png\",\"contentUrl\":\"https:\\\/\\\/lkw-schmid.de\\\/wp-content\\\/uploads\\\/2024\\\/04\\\/cropped-Logo.png\",\"width\":512,\"height\":512,\"caption\":\"lkw-schmid.de\"},\"image\":{\"@id\":\"https:\\\/\\\/lkw-schmid.de\\\/home\\\/#\\\/schema\\\/logo\\\/image\\\/\"},\"sameAs\":[\"https:\\\/\\\/www.facebook.com\\\/lkwschmid\\\/\",\"https:\\\/\\\/www.youtube.com\\\/channel\\\/UCvjRmswM0u67JvH3NU_yoRg\",\"https:\\\/\\\/www.linkedin.com\\\/company\\\/lkw-schmid\\\/\"]}]}<\/script>\n<!-- \/ Yoast SEO plugin. -->","yoast_head_json":{"title":"Teilnahmebedingungen Affiliate-Programm - L.K.W. Schmid","description":"Erfahre alles \u00fcber die Teilnahmebedingungen unseres Affiliate-Programms. Hier findest du wichtige Richtlinien zu Werbung, und mehr.","robots":{"index":"index","follow":"follow","max-snippet":"max-snippet:-1","max-image-preview":"max-image-preview:large","max-video-preview":"max-video-preview:-1"},"canonical":"https:\/\/lkw-schmid.de\/home\/teilnahmebedingungen-affiliate-programm\/","og_locale":"de_DE","og_type":"article","og_title":"Teilnahmebedingungen Affiliate-Programm - L.K.W. Schmid","og_description":"Erfahre alles \u00fcber die Teilnahmebedingungen unseres Affiliate-Programms. Hier findest du wichtige Richtlinien zu Werbung, und mehr.","og_url":"https:\/\/lkw-schmid.de\/home\/teilnahmebedingungen-affiliate-programm\/","og_site_name":"L.K.W. Schmid","article_publisher":"https:\/\/www.facebook.com\/lkwschmid\/","article_modified_time":"2025-04-08T14:28:05+00:00","twitter_card":"summary_large_image","twitter_misc":{"Gesch\u00e4tzte Lesezeit":"5\u00a0Minuten"},"schema":{"@context":"https:\/\/schema.org","@graph":[{"@type":"WebPage","@id":"https:\/\/lkw-schmid.de\/home\/teilnahmebedingungen-affiliate-programm\/","url":"https:\/\/lkw-schmid.de\/home\/teilnahmebedingungen-affiliate-programm\/","name":"Teilnahmebedingungen Affiliate-Programm - L.K.W. Schmid","isPartOf":{"@id":"https:\/\/lkw-schmid.de\/home\/#website"},"datePublished":"2025-04-08T13:58:36+00:00","dateModified":"2025-04-08T14:28:05+00:00","description":"Erfahre alles \u00fcber die Teilnahmebedingungen unseres Affiliate-Programms. Hier findest du wichtige Richtlinien zu Werbung, und mehr.","breadcrumb":{"@id":"https:\/\/lkw-schmid.de\/home\/teilnahmebedingungen-affiliate-programm\/#breadcrumb"},"inLanguage":"de","potentialAction":[{"@type":"ReadAction","target":["https:\/\/lkw-schmid.de\/home\/teilnahmebedingungen-affiliate-programm\/"]}]},{"@type":"BreadcrumbList","@id":"https:\/\/lkw-schmid.de\/home\/teilnahmebedingungen-affiliate-programm\/#breadcrumb","itemListElement":[{"@type":"ListItem","position":1,"name":"Startseite","item":"https:\/\/lkw-schmid.de\/home\/"},{"@type":"ListItem","position":2,"name":"Teilnahmebedingungen L.K.W. Schmid Affiliate-Programm"}]},{"@type":"WebSite","@id":"https:\/\/lkw-schmid.de\/home\/#website","url":"https:\/\/lkw-schmid.de\/home\/","name":"lkw-schmid.de","description":"","publisher":{"@id":"https:\/\/lkw-schmid.de\/home\/#organization"},"potentialAction":[{"@type":"SearchAction","target":{"@type":"EntryPoint","urlTemplate":"https:\/\/lkw-schmid.de\/home\/?s={search_term_string}"},"query-input":{"@type":"PropertyValueSpecification","valueRequired":true,"valueName":"search_term_string"}}],"inLanguage":"de"},{"@type":"Organization","@id":"https:\/\/lkw-schmid.de\/home\/#organization","name":"lkw-schmid.de","url":"https:\/\/lkw-schmid.de\/home\/","logo":{"@type":"ImageObject","inLanguage":"de","@id":"https:\/\/lkw-schmid.de\/home\/#\/schema\/logo\/image\/","url":"https:\/\/lkw-schmid.de\/wp-content\/uploads\/2024\/04\/cropped-Logo.png","contentUrl":"https:\/\/lkw-schmid.de\/wp-content\/uploads\/2024\/04\/cropped-Logo.png","width":512,"height":512,"caption":"lkw-schmid.de"},"image":{"@id":"https:\/\/lkw-schmid.de\/home\/#\/schema\/logo\/image\/"},"sameAs":["https:\/\/www.facebook.com\/lkwschmid\/","https:\/\/www.youtube.com\/channel\/UCvjRmswM0u67JvH3NU_yoRg","https:\/\/www.linkedin.com\/company\/lkw-schmid\/"]}]}},"_links":{"self":[{"href":"https:\/\/lkw-schmid.de\/home\/wp-json\/wp\/v2\/pages\/4122","targetHints":{"allow":["GET"]}}],"collection":[{"href":"https:\/\/lkw-schmid.de\/home\/wp-json\/wp\/v2\/pages"}],"about":[{"href":"https:\/\/lkw-schmid.de\/home\/wp-json\/wp\/v2\/types\/page"}],"author":[{"embeddable":true,"href":"https:\/\/lkw-schmid.de\/home\/wp-json\/wp\/v2\/users\/1"}],"replies":[{"embeddable":true,"href":"https:\/\/lkw-schmid.de\/home\/wp-json\/wp\/v2\/comments?post=4122"}],"version-history":[{"count":0,"href":"https:\/\/lkw-schmid.de\/home\/wp-json\/wp\/v2\/pages\/4122\/revisions"}],"wp:attachment":[{"href":"https:\/\/lkw-schmid.de\/home\/wp-json\/wp\/v2\/media?parent=4122"}],"curies":[{"name":"wp","href":"https:\/\/api.w.org\/{rel}","templated":true}]}}