{"id":6898,"date":"2026-02-06T18:29:12","date_gmt":"2026-02-06T17:29:12","guid":{"rendered":"https:\/\/lkw-schmid.de\/home\/?page_id=6898"},"modified":"2026-02-06T18:29:16","modified_gmt":"2026-02-06T17:29:16","slug":"agb","status":"publish","type":"page","link":"https:\/\/lkw-schmid.de\/home\/agb\/","title":{"rendered":"AGB"},"content":{"rendered":"\n<h2 class=\"wp-block-heading\"><strong><strong>Allgemeine Gesch\u00e4ftsbedingungen (AGB)<\/strong><\/strong><\/h2>\n\n\n\n<div style=\"height:26px\" aria-hidden=\"true\" class=\"wp-block-spacer\"><\/div>\n\n\n\n<h3 class=\"wp-block-heading\"><strong>Widerrufsbelehrung<\/strong><\/h3>\n\n\n\n<p><strong>Verbraucher Definition<\/strong><\/p>\n\n\n\n<p>Verbraucher ist jede nat\u00fcrliche Person, die ein Rechtsgesch\u00e4ft zu Zwecken abschlie\u00dft, die \u00fcberwiegend weder ihrer gewerblichen noch ihrer selbstst\u00e4ndigen beruflichen T\u00e4tigkeit zugerechnet werden kann.<\/p>\n\n\n\n<p><strong>Widerrufsrecht<\/strong><\/p>\n\n\n\n<p>Sie haben das Recht, binnen vierzehn (14) Tagen ohne Angabe von Gr\u00fcnden diesen Vertrag zu widerrufen. Die Widerrufsfrist betr\u00e4gt vierzehn (14) Tage ab dem Tag des Vertragsabschlusses. Um Ihr Widerrufsrecht auszu\u00fcben, m\u00fcssen Sie uns (L.K.W. Schmid, Sophie-Scholl-Str. 12, 92708 Mantel, Mobil: 0170 8005548, E-Mail-Adresse: info@lkw-schmid.de) mittels einer eindeutigen Erkl\u00e4rung (z.B. ein mit der Post versandter Brief oder eine E-Mail) \u00fcber Ihren Entschluss, diesen Vertrag zu widerrufen, informieren. Sie k\u00f6nnen daf\u00fcr das beigef\u00fcgte Muster-Widerrufsformular verwenden, das jedoch nicht vorgeschrieben ist. Zur Wahrung der Widerrufsfrist reicht es aus, dass Sie die Mitteilung \u00fcber die Aus\u00fcbung des Widerrufsrechts vor Ablauf der Widerrufsfrist absenden.&nbsp;<\/p>\n\n\n\n<p><strong>Folgen des Widerrufs<\/strong><\/p>\n\n\n\n<p>Wenn Sie diesen Vertrag widerrufen, haben wir Ihnen alle Zahlungen, die wir von Ihnen erhalten haben, unverz\u00fcglich und sp\u00e4testens binnen vierzehn Tagen ab dem Tag zur\u00fcckzuzahlen, an dem die Mitteilung \u00fcber Ihren Widerruf dieses Vertrags bei uns eingegangen ist. F\u00fcr diese R\u00fcckzahlung verwenden wir dasselbe Zahlungsmittel, das Sie bei der urspr\u00fcnglichen Transaktion eingesetzt haben, es sei denn, mit Ihnen wurde ausdr\u00fccklich etwas anderes vereinbart; in keinem Fall werden Ihnen wegen dieser R\u00fcckzahlung Entgelte berechnet. Haben Sie verlangt, dass die Dienstleistungen w\u00e4hrend der Widerrufsfrist beginnen sollen, so haben Sie uns einen angemessenen Betrag zu zahlen, der dem Anteil der bis zu dem Zeitpunkt, zu dem Sie uns von der Aus\u00fcbung des Widerrufsrechts hinsichtlich dieses Vertrags unterrichten, bereits erbrachten Dienstleistungen im Vergleich zum Gesamtumfang der im Vertrag vorgesehenen Dienstleistungen entspricht.<\/p>\n\n\n\n<p><strong>Erl\u00f6schensgr\u00fcnde<\/strong><\/p>\n\n\n\n<p>Das Widerrufsrecht erlischt bei einem Vertrag zur Erbringung von Dienstleistungen, wenn der Unternehmer die Dienstleistung vollst\u00e4ndig erbracht hat und mit der Ausf\u00fchrung der Dienstleistung erst begonnen hat, nachdem der Verbraucher dazu seine ausdr\u00fcckliche Zustimmung gegeben hat und gleichzeitig seine Kenntnis davon best\u00e4tigt hat, dass er sein Widerrufsrecht bei vollst\u00e4ndiger Vertragserf\u00fcllung durch den Unternehmer verliert.&nbsp;<\/p>\n\n\n\n<p><strong>Pr\u00e4senzveranstaltungen<\/strong><\/p>\n\n\n\n<p>Bei Pr\u00e4senzveranstaltungen gilt: Der Auftragnehmer haftet f\u00fcr keine Sch\u00e4den im Rahmen der Ausbildungen. Bei Absagen innerhalb von 15 Tagen vor einem zugesagten Termin sind 100 % des Schulungshonorars zu entrichten. Bei einer Terminverschiebung innerhalb von 15 Tagen sind 80 % des Schulungshonorars zu entrichten. Die Zahlungsfrist liegt bei 14 Tagen, ohne Abz\u00fcge. Es wird kein Skonto akzeptiert.&nbsp;<\/p>\n\n\n\n<p><strong>Muster-Widerrufsformular<\/strong><\/p>\n\n\n\n<p>(Wenn Sie den Vertrag widerrufen wollen, dann f\u00fcllen Sie bitte dieses Formular aus und senden Sie es zur\u00fcck.)&nbsp;<\/p>\n\n\n\n<p>\u2013 An&nbsp;<\/p>\n\n\n\n<p>L.K.W. Schmid<br>Sophie-Scholl-Str. 12<br>92708 Mantel<br>Mobil: 0170 8005548<br>E-Mail-Adresse: info@lkw-schmid.de<\/p>\n\n\n\n<p>\u2013 Hiermit widerrufe(n) ich\/wir (*) den von mir\/uns (*) abgeschlossenen Vertrag \u00fcber den Kauf der folgenden Waren (*)\/ die Erbringung der folgenden Dienstleistung (*)&nbsp;<\/p>\n\n\n\n<p>\u2013 Bestellt am (*)\/erhalten am (*)&nbsp;<\/p>\n\n\n\n<p>\u2013 Name des\/der Verbraucher(s)&nbsp;<\/p>\n\n\n\n<p>\u2013 Anschrift des\/der Verbraucher(s)&nbsp;<\/p>\n\n\n\n<p>\u2013 Unterschrift des\/der Verbraucher(s) (nur bei Mitteilung auf Papier)&nbsp;<\/p>\n\n\n\n<p>\u2013 Datum&nbsp;<\/p>\n\n\n\n<p>(*) Unzutreffendes streichen.&nbsp;<\/p>\n\n\n\n<div style=\"height:26px\" aria-hidden=\"true\" class=\"wp-block-spacer\"><\/div>\n\n\n\n<h3 class=\"wp-block-heading\"><strong>Zus\u00e4tzliche Hinweise zu den Online-Seminaren<\/strong><\/h3>\n\n\n\n<p>Die Online-Seminare werden als reine Selbstlernangebote bereitgestellt. Es erfolgt keine individuelle Betreuung, Beratung oder Lernerfolgskontrolle durch den Anbieter. <\/p>\n\n\n\n<p>Der im Rahmen der Seminare angebotene Selbst-Check dient ausschlie\u00dflich der Selbst\u00fcberpr\u00fcfung und stellt keine staatlich anerkannte, zertifizierte oder rechtlich relevante Pr\u00fcfung dar. Eine Zertifizierung oder anderweitige offizielle Anerkennung wird durch die Teilnahme nicht erworben.<\/p>\n\n\n\n<p>Dieses Angebot stellt kein Fernunterrichtsangebot im Sinne des Fernunterrichtsschutzgesetzes (FernUSG) dar. Somit unterliegt es nicht den Vorgaben und Schutzbestimmungen des FernUSG.<\/p>\n","protected":false},"excerpt":{"rendered":"<p>Allgemeine Gesch\u00e4ftsbedingungen (AGB) Widerrufsbelehrung Verbraucher Definition Verbraucher ist jede nat\u00fcrliche Person, die ein Rechtsgesch\u00e4ft zu Zwecken abschlie\u00dft, die \u00fcberwiegend weder [&hellip;]<\/p>\n","protected":false},"author":1,"featured_media":0,"parent":0,"menu_order":0,"comment_status":"closed","ping_status":"closed","template":"","meta":{"footnotes":""},"class_list":["post-6898","page","type-page","status-publish","hentry"],"yoast_head":"<!-- This site is optimized with the Yoast SEO plugin v27.4 - https:\/\/yoast.com\/product\/yoast-seo-wordpress\/ -->\n<title>AGB - L.K.W. Schmid<\/title>\n<meta name=\"robots\" content=\"index, follow, max-snippet:-1, max-image-preview:large, max-video-preview:-1\" \/>\n<link rel=\"canonical\" href=\"https:\/\/lkw-schmid.de\/home\/agb\/\" \/>\n<meta property=\"og:locale\" content=\"de_DE\" \/>\n<meta property=\"og:type\" content=\"article\" \/>\n<meta property=\"og:title\" content=\"AGB - L.K.W. Schmid\" \/>\n<meta property=\"og:description\" content=\"Allgemeine Gesch\u00e4ftsbedingungen (AGB) Widerrufsbelehrung Verbraucher Definition Verbraucher ist jede nat\u00fcrliche Person, die ein Rechtsgesch\u00e4ft zu Zwecken abschlie\u00dft, die \u00fcberwiegend weder [&hellip;]\" \/>\n<meta property=\"og:url\" content=\"https:\/\/lkw-schmid.de\/home\/agb\/\" \/>\n<meta property=\"og:site_name\" content=\"L.K.W. Schmid\" \/>\n<meta property=\"article:publisher\" content=\"https:\/\/www.facebook.com\/lkwschmid\/\" \/>\n<meta property=\"article:modified_time\" content=\"2026-02-06T17:29:16+00:00\" \/>\n<meta name=\"twitter:card\" content=\"summary_large_image\" \/>\n<meta name=\"twitter:label1\" content=\"Gesch\u00e4tzte Lesezeit\" \/>\n\t<meta name=\"twitter:data1\" content=\"3\u00a0Minuten\" \/>\n<script type=\"application\/ld+json\" class=\"yoast-schema-graph\">{\"@context\":\"https:\\\/\\\/schema.org\",\"@graph\":[{\"@type\":\"WebPage\",\"@id\":\"https:\\\/\\\/lkw-schmid.de\\\/home\\\/agb\\\/\",\"url\":\"https:\\\/\\\/lkw-schmid.de\\\/home\\\/agb\\\/\",\"name\":\"AGB - L.K.W. Schmid\",\"isPartOf\":{\"@id\":\"https:\\\/\\\/lkw-schmid.de\\\/home\\\/#website\"},\"datePublished\":\"2026-02-06T17:29:12+00:00\",\"dateModified\":\"2026-02-06T17:29:16+00:00\",\"breadcrumb\":{\"@id\":\"https:\\\/\\\/lkw-schmid.de\\\/home\\\/agb\\\/#breadcrumb\"},\"inLanguage\":\"de\",\"potentialAction\":[{\"@type\":\"ReadAction\",\"target\":[\"https:\\\/\\\/lkw-schmid.de\\\/home\\\/agb\\\/\"]}]},{\"@type\":\"BreadcrumbList\",\"@id\":\"https:\\\/\\\/lkw-schmid.de\\\/home\\\/agb\\\/#breadcrumb\",\"itemListElement\":[{\"@type\":\"ListItem\",\"position\":1,\"name\":\"Startseite\",\"item\":\"https:\\\/\\\/lkw-schmid.de\\\/home\\\/\"},{\"@type\":\"ListItem\",\"position\":2,\"name\":\"AGB\"}]},{\"@type\":\"WebSite\",\"@id\":\"https:\\\/\\\/lkw-schmid.de\\\/home\\\/#website\",\"url\":\"https:\\\/\\\/lkw-schmid.de\\\/home\\\/\",\"name\":\"lkw-schmid.de\",\"description\":\"\",\"publisher\":{\"@id\":\"https:\\\/\\\/lkw-schmid.de\\\/home\\\/#organization\"},\"potentialAction\":[{\"@type\":\"SearchAction\",\"target\":{\"@type\":\"EntryPoint\",\"urlTemplate\":\"https:\\\/\\\/lkw-schmid.de\\\/home\\\/?s={search_term_string}\"},\"query-input\":{\"@type\":\"PropertyValueSpecification\",\"valueRequired\":true,\"valueName\":\"search_term_string\"}}],\"inLanguage\":\"de\"},{\"@type\":\"Organization\",\"@id\":\"https:\\\/\\\/lkw-schmid.de\\\/home\\\/#organization\",\"name\":\"lkw-schmid.de\",\"url\":\"https:\\\/\\\/lkw-schmid.de\\\/home\\\/\",\"logo\":{\"@type\":\"ImageObject\",\"inLanguage\":\"de\",\"@id\":\"https:\\\/\\\/lkw-schmid.de\\\/home\\\/#\\\/schema\\\/logo\\\/image\\\/\",\"url\":\"https:\\\/\\\/lkw-schmid.de\\\/wp-content\\\/uploads\\\/2024\\\/04\\\/cropped-Logo.png\",\"contentUrl\":\"https:\\\/\\\/lkw-schmid.de\\\/wp-content\\\/uploads\\\/2024\\\/04\\\/cropped-Logo.png\",\"width\":512,\"height\":512,\"caption\":\"lkw-schmid.de\"},\"image\":{\"@id\":\"https:\\\/\\\/lkw-schmid.de\\\/home\\\/#\\\/schema\\\/logo\\\/image\\\/\"},\"sameAs\":[\"https:\\\/\\\/www.facebook.com\\\/lkwschmid\\\/\",\"https:\\\/\\\/www.youtube.com\\\/channel\\\/UCvjRmswM0u67JvH3NU_yoRg\",\"https:\\\/\\\/www.linkedin.com\\\/company\\\/lkw-schmid\\\/\"]}]}<\/script>\n<!-- \/ Yoast SEO plugin. -->","yoast_head_json":{"title":"AGB - L.K.W. Schmid","robots":{"index":"index","follow":"follow","max-snippet":"max-snippet:-1","max-image-preview":"max-image-preview:large","max-video-preview":"max-video-preview:-1"},"canonical":"https:\/\/lkw-schmid.de\/home\/agb\/","og_locale":"de_DE","og_type":"article","og_title":"AGB - L.K.W. Schmid","og_description":"Allgemeine Gesch\u00e4ftsbedingungen (AGB) Widerrufsbelehrung Verbraucher Definition Verbraucher ist jede nat\u00fcrliche Person, die ein Rechtsgesch\u00e4ft zu Zwecken abschlie\u00dft, die \u00fcberwiegend weder [&hellip;]","og_url":"https:\/\/lkw-schmid.de\/home\/agb\/","og_site_name":"L.K.W. Schmid","article_publisher":"https:\/\/www.facebook.com\/lkwschmid\/","article_modified_time":"2026-02-06T17:29:16+00:00","twitter_card":"summary_large_image","twitter_misc":{"Gesch\u00e4tzte Lesezeit":"3\u00a0Minuten"},"schema":{"@context":"https:\/\/schema.org","@graph":[{"@type":"WebPage","@id":"https:\/\/lkw-schmid.de\/home\/agb\/","url":"https:\/\/lkw-schmid.de\/home\/agb\/","name":"AGB - L.K.W. Schmid","isPartOf":{"@id":"https:\/\/lkw-schmid.de\/home\/#website"},"datePublished":"2026-02-06T17:29:12+00:00","dateModified":"2026-02-06T17:29:16+00:00","breadcrumb":{"@id":"https:\/\/lkw-schmid.de\/home\/agb\/#breadcrumb"},"inLanguage":"de","potentialAction":[{"@type":"ReadAction","target":["https:\/\/lkw-schmid.de\/home\/agb\/"]}]},{"@type":"BreadcrumbList","@id":"https:\/\/lkw-schmid.de\/home\/agb\/#breadcrumb","itemListElement":[{"@type":"ListItem","position":1,"name":"Startseite","item":"https:\/\/lkw-schmid.de\/home\/"},{"@type":"ListItem","position":2,"name":"AGB"}]},{"@type":"WebSite","@id":"https:\/\/lkw-schmid.de\/home\/#website","url":"https:\/\/lkw-schmid.de\/home\/","name":"lkw-schmid.de","description":"","publisher":{"@id":"https:\/\/lkw-schmid.de\/home\/#organization"},"potentialAction":[{"@type":"SearchAction","target":{"@type":"EntryPoint","urlTemplate":"https:\/\/lkw-schmid.de\/home\/?s={search_term_string}"},"query-input":{"@type":"PropertyValueSpecification","valueRequired":true,"valueName":"search_term_string"}}],"inLanguage":"de"},{"@type":"Organization","@id":"https:\/\/lkw-schmid.de\/home\/#organization","name":"lkw-schmid.de","url":"https:\/\/lkw-schmid.de\/home\/","logo":{"@type":"ImageObject","inLanguage":"de","@id":"https:\/\/lkw-schmid.de\/home\/#\/schema\/logo\/image\/","url":"https:\/\/lkw-schmid.de\/wp-content\/uploads\/2024\/04\/cropped-Logo.png","contentUrl":"https:\/\/lkw-schmid.de\/wp-content\/uploads\/2024\/04\/cropped-Logo.png","width":512,"height":512,"caption":"lkw-schmid.de"},"image":{"@id":"https:\/\/lkw-schmid.de\/home\/#\/schema\/logo\/image\/"},"sameAs":["https:\/\/www.facebook.com\/lkwschmid\/","https:\/\/www.youtube.com\/channel\/UCvjRmswM0u67JvH3NU_yoRg","https:\/\/www.linkedin.com\/company\/lkw-schmid\/"]}]}},"_links":{"self":[{"href":"https:\/\/lkw-schmid.de\/home\/wp-json\/wp\/v2\/pages\/6898","targetHints":{"allow":["GET"]}}],"collection":[{"href":"https:\/\/lkw-schmid.de\/home\/wp-json\/wp\/v2\/pages"}],"about":[{"href":"https:\/\/lkw-schmid.de\/home\/wp-json\/wp\/v2\/types\/page"}],"author":[{"embeddable":true,"href":"https:\/\/lkw-schmid.de\/home\/wp-json\/wp\/v2\/users\/1"}],"replies":[{"embeddable":true,"href":"https:\/\/lkw-schmid.de\/home\/wp-json\/wp\/v2\/comments?post=6898"}],"version-history":[{"count":0,"href":"https:\/\/lkw-schmid.de\/home\/wp-json\/wp\/v2\/pages\/6898\/revisions"}],"wp:attachment":[{"href":"https:\/\/lkw-schmid.de\/home\/wp-json\/wp\/v2\/media?parent=6898"}],"curies":[{"name":"wp","href":"https:\/\/api.w.org\/{rel}","templated":true}]}}